{"id":8,"date":"2013-06-27T12:17:25","date_gmt":"2013-06-27T12:17:25","guid":{"rendered":"http:\/\/dr-marcus-mau.de\/?page_id=8"},"modified":"2023-06-22T06:20:46","modified_gmt":"2023-06-22T06:20:46","slug":"uber-mich","status":"publish","type":"page","link":"https:\/\/dr-marcus-mau.de\/","title":{"rendered":"\u00dcber mich"},"content":{"rendered":"<div id=\"attachment_338\" style=\"width: 310px\" class=\"wp-caption alignnone\"><img aria-describedby=\"caption-attachment-338\" loading=\"lazy\" class=\"wp-image-338 size-medium\" src=\"https:\/\/dr-marcus-mau.de\/Wordpress\/wp-content\/uploads\/2013\/06\/WEB21-Xing-300x198.jpg\" alt=\"Medizinredakteur\" width=\"300\" height=\"198\" srcset=\"https:\/\/dr-marcus-mau.de\/Wordpress\/wp-content\/uploads\/2013\/06\/WEB21-Xing-300x198.jpg 300w, https:\/\/dr-marcus-mau.de\/Wordpress\/wp-content\/uploads\/2013\/06\/WEB21-Xing-768x508.jpg 768w, https:\/\/dr-marcus-mau.de\/Wordpress\/wp-content\/uploads\/2013\/06\/WEB21-Xing-1024x678.jpg 1024w\" sizes=\"(max-width: 300px) 100vw, 300px\" \/><p id=\"caption-attachment-338\" class=\"wp-caption-text\">Dr. rer. nat. Marcus Mau<\/p><\/div>\n<p>Ich bin promovierter Humanbiologe und arbeite als Freier Autor f\u00fcr Gesundheits- und Medizinthemen im Internet sowie f\u00fcr Verlage.\u00a0Ich informiere in meinen Texten z.B.\u00a0\u00fcber Krebserkrankungen, Impfungen, Hygiene, Allergien, Schmerzen\u00a0oder Arthrose, ebenso wie \u00fcber Ern\u00e4hrung und Stress.<\/p>\n<p>Derzeit bin ich zus\u00e4tzlich seit 01.04.2023 als Medizinredakteur beim \u00c4rztenachrichtendienst in Hamburg t\u00e4tig. Davor arbeitete ich als Chefredakteur f\u00fcr den PRIVATARZT UROLOGIE, als Wissenschaftsjournalist am Deutschen Krebsforschungszentrum (DKFZ) sowie zwischen 2011 und 2013 f\u00fcr zwei Jahre als Postdoc am King\u2019s College in London in der Krebsforschung.<\/p>\n<p>Als Ausbilder f\u00fcr Entspannungsverfahren gebe ich dar\u00fcber hinaus Seminare zum Thema \u201cGesunder Schlaf\u201d und leite selbst Entspannungs\u00fcbungen an. Eine schlaff\u00f6rdernde Ern\u00e4hrungsweise k\u00f6nnen Sie in meinen Seminaren kennenlernen.<\/p>\n<p>Meinen\u00a0<a title=\"Wissenschaftsblog\" href=\"https:\/\/www.wissenschaftsblog-ideen-und-wissen.de\" target=\"_blank\" rel=\"noopener\">Wissenschaftsblog: Ideen &amp; Wissen <\/a>f\u00fcttere ich\u00a0von Potsdam aus mit neuesten Meldungen aus der Wissenschaft und der medizinischen Forschung.<\/p>\n<p><strong>Sofern Sie an einer Zusammenarbeit interessiert sind oder auf medizinische Texte von mir zur\u00fcckgreifen m\u00f6chten, treten Sie bitte mit mir in Kontakt.<\/strong><\/p>\n<h2><span style=\"text-decoration: underline;\"><strong>Kurzvita<\/strong><\/span><\/h2>\n<p><span style=\"text-decoration: underline;\">Ausbildung:<\/span><\/p>\n<p>08.02.2008\u00a0\u00a0 Dr. rer. nat.<\/p>\n<p>29.09.2004\u00a0\u00a0 Diplom-Humanbiologe<\/p>\n<p><span style=\"text-decoration: underline;\">Berufserfahrung<\/span><span style=\"text-decoration: underline;\">:<\/span><\/p>\n<p>seit April 2023 &#8211; Medizinredakteur beim \u00c4rztenachrichtendienst (Hamburg)<\/p>\n<p>Januar 2022 &#8211; M\u00e4rz 2023 Lead Medical Editor bei esanum.de (Berlin)<\/p>\n<p>seit M\u00e4rz 2020 Pressesprecher (Ehrenamt) der Deutschen Gesellschaft f\u00fcr Schifffahrts- und Marinegeschichte e. V. (DGSM)<\/p>\n<p>Januar 2019 &#8211; Dezember 2021 Medical Advisor\/Fachredakteur bei esanum.de (Berlin)<\/p>\n<p>seit November 2016 Medizinredakteur bei der Deutschen Gesellschaft f\u00fcr Mann und Gesundheit e. V. (DGMG)<\/p>\n<p>April 2014 &#8211; Dezember 2018\u00a0Chefredakteur Urologie bei MiM Verlagsgesellschaft in Egelsbach<\/p>\n<p>Juli 2013\u00a0&#8211; M\u00e4rz 2014\u00a0 Wissenschaftsjournalist Krebspr\u00e4vention am DKFZ\u00a0Heidelberg<\/p>\n<p>Juni 2013 &#8211; Dezember 2014\u00a0 Redakteur Gesundheit f\u00fcr das Portal eu-4u.com<\/p>\n<p>Juni 2013 &#8211; Sept. 2013\u00a0\u00a0 Freier Autor und Experte f\u00fcr Gesundheit bei experto.de<\/p>\n<p>April 2013\u00a0&#8211; Februar 2014\u00a0Freier Autor f\u00fcr Gesundheitsthemen bei helpster.de<\/p>\n<p>M\u00e4rz 2013 \u2013 Juni 2013\u00a0\u00a0 Texter f\u00fcr online content bei FitnessFreaks.com in der Schweiz<\/p>\n<p>Feb. 2013\u00a0&#8211; M\u00e4rz 2014\u00a0\u00a0 Freier Autor f\u00fcr GFMK-Verlagsgesellschaft<\/p>\n<p>seit Okt. 2012\u00a0\u00a0 Freier Autor f\u00fcr Gesundheit und Medizin bei textbroker.de<\/p>\n<p>01.02.2011 \u2013 31.01.2013\u00a0\u00a0 Postdoc, King\u2019s College London, UK; Krebsforschung<\/p>\n<p>01.02.2008 \u2013 30.11.2010\u00a0 Postdoc an der Universit\u00e4t\u00a0Bonn; Speichelforschung<\/p>\n<p>01.11.2004 \u2013 31.01.2008\u00a0\u00a0 Doktorand am\u00a0FBN in Dummerstorf; Muskelbiologie<\/p>\n<p><span style=\"text-decoration: underline;\">Weitere Qualifikationen<\/span><span style=\"text-decoration: underline;\">:<\/span><\/p>\n<p>April 2016 &#8211; August 2016\u00a0\u00a0\u00a0Psychologischer Berater (Heilpraktikerschule Isolde Richter)<\/p>\n<p>April 2015 &#8211; Mai 2016\u00a0\u00a0\u00a0\u00a0\u00a0\u00a0\u00a0\u00a0 Weiterbildung in den Grundlagen der Traditionellen Chinesischen Medizin (TCM) bei der Impulse-Schule<\/p>\n<p>Juni 2010 &#8211; April 2015\u00a0\u00a0\u00a0\u00a0\u00a0\u00a0\u00a0 Heilpraktiker (HP) &#8212; Pr\u00fcfung beim Gesundheitsamt Gro\u00df-Gerau bestanden am 15.04.2015<\/p>\n<p>Juni 2014 &#8211; Juli 2014\u00a0\u00a0\u00a0\u00a0\u00a0\u00a0\u00a0\u00a0\u00a0 Data Journalism Course (<a title=\"Zertifikat\" href=\"https:\/\/dr-marcus-mau.de\/Wordpress\/wp-content\/uploads\/2014\/08\/ddjmooc.certificate.marcus.mau_.pdf\" target=\"_blank\" rel=\"noopener\">Zertifikat<\/a>)<\/p>\n<p>Dez. 2012 \u2013 August 2013\u00a0\u00a0 Weiterbildung zum Ern\u00e4hrungsberater bei der Impulse-Schule<\/p>\n<p>Sept. 2012 \u2013 Dez. 2012\u00a0\u00a0\u00a0\u00a0\u00a0\u00a0 Weiterbildung zum Berater \u201eGesunder Schlaf\u201c, London, UK<\/p>\n<p>Juni 2011 \u2013 M\u00e4rz 2012\u00a0\u00a0\u00a0\u00a0\u00a0\u00a0\u00a0Weiterbildung zum Ausbilder f\u00fcr Entspannungsverfahren<\/p>\n<p>Jan. 2010 \u2013 Sept. 2010\u00a0\u00a0\u00a0\u00a0\u00a0\u00a0\u00a0Ehrenamtliche Mitarbeit beim Jugendmigrationsdienst Bonn<\/p>\n<p>Jan. 2010 &#8211; Juni 2010\u00a0\u00a0\u00a0\u00a0\u00a0\u00a0\u00a0\u201eEinf\u00fchrung in die Sozialarbeit\u201c; Fernstudium beim ibbw<\/p>\n<p>22. Januar 2010 Workshop Wissenschaftskommunikation, Tschira-Stiftung, Heidelberg<\/p>\n<p>seit Januar 2009\u00a0\u00a0\u00a0\u00a0\u00a0\u00a0\u00a0\u00a0\u00a0\u00a0\u00a0\u00a0\u00a0\u00a0\u00a0\u00a0\u00a0\u00a0Patenschaft f\u00fcr ein kambodschanisches Kind<\/p>\n<p>Juni 2008 &#8211; Juni 2009\u00a0\u00a0\u00a0\u00a0\u00a0\u00a0\u00a0Aids-Hilfe-Bonn e.V.<\/p>\n<p>Jan. 2007 \u2013 Dez. 2010\u00a0\u00a0\u00a0\u00a0\u00a0\u00a0\u00a0Helfen-ohne-Grenzen e.V.<\/p>\n<p>M\u00e4rz 2005 \u2013 Sept. 2008\u00a0\u00a0\u00a0\u00a0Journalist (Ehrenamt)\u00a0vbio (Biologenverband),\u00a0 &#8222;K\u00fcstenkorrespondent&#8220;<\/p>\n<p><span style=\"text-decoration: underline;\">Mitgliedschaften Berufsverb\u00e4nde:<\/span><\/p>\n<p>Deutscher Journalistenverband Sachsen-Anhalt (DJV Sachsen-Anhalt)<\/p>\n<p>Deutsche Gesellschaft f\u00fcr Urologie e. V. (DGU)<\/p>\n<p>Member of the European Association of Urology (EAU)<\/p>\n<p>Deutsche STI-Gesellschaft e. V. (DSTIG)<\/p>\n<p>Berufsverband Dt. Naturheilkunde e. V. (BDN)<\/p>\n<p>Deutsche Gesellschaft f\u00fcr Schifffahrts- und Marinegeschichte e. V. (DGSM)<\/p>\n<p>Deutsche Gesellschaft f\u00fcr Maritime Medizin (DGMM)<\/p>\n","protected":false},"excerpt":{"rendered":"<p>Ich bin promovierter Humanbiologe und arbeite als Freier Autor f\u00fcr Gesundheits- und Medizinthemen im Internet sowie f\u00fcr Verlage.\u00a0Ich informiere in meinen Texten z.B.\u00a0\u00fcber Krebserkrankungen, Impfungen, Hygiene, Allergien, Schmerzen\u00a0oder Arthrose, ebenso wie \u00fcber Ern\u00e4hrung und Stress. Derzeit bin ich zus\u00e4tzlich seit &hellip; <a href=\"https:\/\/dr-marcus-mau.de\/\">Weiterlesen <span class=\"meta-nav\">&rarr;<\/span><\/a><\/p>\n","protected":false},"author":1,"featured_media":0,"parent":0,"menu_order":0,"comment_status":"open","ping_status":"closed","template":"","meta":[],"_links":{"self":[{"href":"https:\/\/dr-marcus-mau.de\/index.php?rest_route=\/wp\/v2\/pages\/8"}],"collection":[{"href":"https:\/\/dr-marcus-mau.de\/index.php?rest_route=\/wp\/v2\/pages"}],"about":[{"href":"https:\/\/dr-marcus-mau.de\/index.php?rest_route=\/wp\/v2\/types\/page"}],"author":[{"embeddable":true,"href":"https:\/\/dr-marcus-mau.de\/index.php?rest_route=\/wp\/v2\/users\/1"}],"replies":[{"embeddable":true,"href":"https:\/\/dr-marcus-mau.de\/index.php?rest_route=%2Fwp%2Fv2%2Fcomments&post=8"}],"version-history":[{"count":49,"href":"https:\/\/dr-marcus-mau.de\/index.php?rest_route=\/wp\/v2\/pages\/8\/revisions"}],"predecessor-version":[{"id":450,"href":"https:\/\/dr-marcus-mau.de\/index.php?rest_route=\/wp\/v2\/pages\/8\/revisions\/450"}],"wp:attachment":[{"href":"https:\/\/dr-marcus-mau.de\/index.php?rest_route=%2Fwp%2Fv2%2Fmedia&parent=8"}],"curies":[{"name":"wp","href":"https:\/\/api.w.org\/{rel}","templated":true}]}}