{"id":282,"date":"2015-04-30T19:21:54","date_gmt":"2015-04-30T19:21:54","guid":{"rendered":"http:\/\/dr-marcus-mau.de\/?page_id=282"},"modified":"2015-05-20T18:45:48","modified_gmt":"2015-05-20T18:45:48","slug":"redaktionsangebote","status":"publish","type":"page","link":"https:\/\/dr-marcus-mau.de\/?page_id=282","title":{"rendered":"Angebote und Know-how"},"content":{"rendered":"<ol>\n<li>Sie brauchen einen verl\u00e4sslichen und kompetenten\u00a0Partner f\u00fcr Ihre Medizinpublikationen?<\/li>\n<li>Sie ben\u00f6tigen Kongressberichte oder redaktionelle Unterst\u00fctzung bei einem Ihrer Projekte?<\/li>\n<li>Sie suchen Hilfe bei der E-Book-Erstellung?<\/li>\n<li>Sie wollen Menschen ansprechend \u00fcber Ihre Arbeit oder Gesundheitsthemen informieren?<\/li>\n<\/ol>\n<p><strong>Wenn Sie bereits eine dieser\u00a0Fragen mit &#8222;Ja&#8220; beantwortet haben, sollten wir uns kennenlernen!<\/strong><\/p>\n<p><strong>Bitte nehmen Sie Kontakt zu mir auf unter <\/strong><strong>ideen.wissen[at]gmx-topmail.de oder telefonisch unter der 0162-8804873.<\/strong><\/p>\n<p>Ich freue mich, von Ihnen zu h\u00f6ren. Vielen Dank, Ihr Dr. Marcus Mau.<\/p>\n<p>&nbsp;<\/p>\n<p><span style=\"color: #3366ff;\"><strong>Mein Know-how f\u00fcr Sie:<\/strong><\/span><\/p>\n<ul>\n<li>Buchredaktion<\/li>\n<li>Datenjournalismus<\/li>\n<li>E-Books<\/li>\n<li>Excel<\/li>\n<li>Ghostwriting<\/li>\n<li>Indesign<\/li>\n<li>Interviews<\/li>\n<li>Kongressberichte<\/li>\n<li>Powerpoint<\/li>\n<li>Pressearbeit<\/li>\n<li>Redaktion<\/li>\n<li>WordPress<\/li>\n<\/ul>\n","protected":false},"excerpt":{"rendered":"<p>Sie brauchen einen verl\u00e4sslichen und kompetenten\u00a0Partner f\u00fcr Ihre Medizinpublikationen? Sie ben\u00f6tigen Kongressberichte oder redaktionelle Unterst\u00fctzung bei einem Ihrer Projekte? Sie suchen Hilfe bei der E-Book-Erstellung? Sie wollen Menschen ansprechend \u00fcber Ihre Arbeit oder Gesundheitsthemen informieren? Wenn Sie bereits eine dieser\u00a0Fragen &hellip; <a href=\"https:\/\/dr-marcus-mau.de\/?page_id=282\">Weiterlesen <span class=\"meta-nav\">&rarr;<\/span><\/a><\/p>\n","protected":false},"author":1,"featured_media":0,"parent":0,"menu_order":1,"comment_status":"closed","ping_status":"closed","template":"","meta":[],"_links":{"self":[{"href":"https:\/\/dr-marcus-mau.de\/index.php?rest_route=\/wp\/v2\/pages\/282"}],"collection":[{"href":"https:\/\/dr-marcus-mau.de\/index.php?rest_route=\/wp\/v2\/pages"}],"about":[{"href":"https:\/\/dr-marcus-mau.de\/index.php?rest_route=\/wp\/v2\/types\/page"}],"author":[{"embeddable":true,"href":"https:\/\/dr-marcus-mau.de\/index.php?rest_route=\/wp\/v2\/users\/1"}],"replies":[{"embeddable":true,"href":"https:\/\/dr-marcus-mau.de\/index.php?rest_route=%2Fwp%2Fv2%2Fcomments&post=282"}],"version-history":[{"count":7,"href":"https:\/\/dr-marcus-mau.de\/index.php?rest_route=\/wp\/v2\/pages\/282\/revisions"}],"predecessor-version":[{"id":304,"href":"https:\/\/dr-marcus-mau.de\/index.php?rest_route=\/wp\/v2\/pages\/282\/revisions\/304"}],"wp:attachment":[{"href":"https:\/\/dr-marcus-mau.de\/index.php?rest_route=%2Fwp%2Fv2%2Fmedia&parent=282"}],"curies":[{"name":"wp","href":"https:\/\/api.w.org\/{rel}","templated":true}]}}