{"id":221,"date":"2014-08-29T19:23:18","date_gmt":"2014-08-29T19:23:18","guid":{"rendered":"http:\/\/dr-marcus-mau.de\/?page_id=221"},"modified":"2015-04-30T19:46:35","modified_gmt":"2015-04-30T19:46:35","slug":"zertifikat-datenjournalismus-erhalten","status":"publish","type":"page","link":"https:\/\/dr-marcus-mau.de\/?page_id=221","title":{"rendered":"Zertifikat &#8222;Datenjournalismus&#8220; erhalten"},"content":{"rendered":"<p>Ich darf\u00a0seit Sommer 2014 das Zertifikat des European Journalism Centre &#8222;Data Driven Journalism MOOC&#8220; f\u00fchren: <a href=\"http:\/\/dr-marcus-mau.de\/Wordpress\/wp-content\/uploads\/2014\/08\/ddjmooc.certificate.marcus.mau_.pdf\">ddjmooc.certificate.marcus.mau<\/a>. Grundlage daf\u00fcr war ein 5-w\u00f6chiger Online-Kurs \u00fcber die Grundlagen und ersten Schritte im Datenjournalismus.<\/p>\n","protected":false},"excerpt":{"rendered":"<p>Ich darf\u00a0seit Sommer 2014 das Zertifikat des European Journalism Centre &#8222;Data Driven Journalism MOOC&#8220; f\u00fchren: ddjmooc.certificate.marcus.mau. Grundlage daf\u00fcr war ein 5-w\u00f6chiger Online-Kurs \u00fcber die Grundlagen und ersten Schritte im Datenjournalismus.<\/p>\n","protected":false},"author":1,"featured_media":0,"parent":10,"menu_order":0,"comment_status":"closed","ping_status":"closed","template":"","meta":[],"_links":{"self":[{"href":"https:\/\/dr-marcus-mau.de\/index.php?rest_route=\/wp\/v2\/pages\/221"}],"collection":[{"href":"https:\/\/dr-marcus-mau.de\/index.php?rest_route=\/wp\/v2\/pages"}],"about":[{"href":"https:\/\/dr-marcus-mau.de\/index.php?rest_route=\/wp\/v2\/types\/page"}],"author":[{"embeddable":true,"href":"https:\/\/dr-marcus-mau.de\/index.php?rest_route=\/wp\/v2\/users\/1"}],"replies":[{"embeddable":true,"href":"https:\/\/dr-marcus-mau.de\/index.php?rest_route=%2Fwp%2Fv2%2Fcomments&post=221"}],"version-history":[{"count":2,"href":"https:\/\/dr-marcus-mau.de\/index.php?rest_route=\/wp\/v2\/pages\/221\/revisions"}],"predecessor-version":[{"id":298,"href":"https:\/\/dr-marcus-mau.de\/index.php?rest_route=\/wp\/v2\/pages\/221\/revisions\/298"}],"up":[{"embeddable":true,"href":"https:\/\/dr-marcus-mau.de\/index.php?rest_route=\/wp\/v2\/pages\/10"}],"wp:attachment":[{"href":"https:\/\/dr-marcus-mau.de\/index.php?rest_route=%2Fwp%2Fv2%2Fmedia&parent=221"}],"curies":[{"name":"wp","href":"https:\/\/api.w.org\/{rel}","templated":true}]}}