{"id":137,"date":"2013-10-15T07:18:47","date_gmt":"2013-10-15T07:18:47","guid":{"rendered":"http:\/\/dr-marcus-mau.de\/?page_id=137"},"modified":"2018-05-25T20:27:20","modified_gmt":"2018-05-25T20:27:20","slug":"buch-gesunder-schlaf","status":"publish","type":"page","link":"https:\/\/dr-marcus-mau.de\/?page_id=137","title":{"rendered":"Meine B\u00fccher"},"content":{"rendered":"<p><a href=\"https:\/\/dr-marcus-mau.de\/Wordpress\/wp-content\/uploads\/2013\/10\/Buch1.jpg\"><img loading=\"lazy\" class=\"alignnone size-medium wp-image-139\" src=\"https:\/\/dr-marcus-mau.de\/Wordpress\/wp-content\/uploads\/2013\/10\/Buch1-300x207.jpg\" alt=\"\" width=\"300\" height=\"207\" srcset=\"https:\/\/dr-marcus-mau.de\/Wordpress\/wp-content\/uploads\/2013\/10\/Buch1-300x207.jpg 300w, https:\/\/dr-marcus-mau.de\/Wordpress\/wp-content\/uploads\/2013\/10\/Buch1-1024x707.jpg 1024w, https:\/\/dr-marcus-mau.de\/Wordpress\/wp-content\/uploads\/2013\/10\/Buch1.jpg 1268w\" sizes=\"(max-width: 300px) 100vw, 300px\" \/><\/a><\/p>\n<p>F\u00fcr eine vergr\u00f6\u00dferte Darstellung klicken Sie bitte auf die Abbildung.<\/p>\n<p>Hier geht es zur\u00a0Bestellung: &#8222;<a href=\"https:\/\/www.amazon.de\/Gesunder-Schlaf-wichtigsten-Murmeltier-Wissen-Kompakt\/dp\/3943082091\/ref=tmm_pap_swatch_0?_encoding=UTF8&amp;qid=1527279273&amp;sr=8-1\">Gesunder Schlaf<\/a>&#8220;<\/p>\n<p>Der Verlag und ich\u00a0freuen uns\u00a0\u00fcber Feedback oder Rezensionen. Vielen Dank bereits daf\u00fcr im Voraus.<\/p>\n<p><strong>Weitere Angebote im Selbstverlag auf amazon.de:<\/strong><\/p>\n<p>Wer mehr \u00fcber Ern\u00e4hrung und alternative Arthrosebehandlung erfahren m\u00f6chte, dem sei das Ideen &amp; Wissen Themenheft &#8222;<a href=\"https:\/\/www.amazon.de\/Schmerzen-den-Gelenken-Arthrosebehandlung-Wissenschaft-ebook\/dp\/B00I1P8Y1S\/ref=sr_1_3?ie=UTF8&amp;qid=1527279987&amp;sr=8-3&amp;keywords=marcus+mau\">Schmerzen in den Gelenken<\/a>&#8220;\u00a0empfohlen:<\/p>\n<p><a href=\"https:\/\/dr-marcus-mau.de\/Wordpress\/wp-content\/uploads\/2018\/05\/Arthrose.jpg\"><img loading=\"lazy\" class=\"alignnone size-medium wp-image-377\" src=\"https:\/\/dr-marcus-mau.de\/Wordpress\/wp-content\/uploads\/2018\/05\/Arthrose-188x300.jpg\" alt=\"\" width=\"188\" height=\"300\" srcset=\"https:\/\/dr-marcus-mau.de\/Wordpress\/wp-content\/uploads\/2018\/05\/Arthrose-188x300.jpg 188w, https:\/\/dr-marcus-mau.de\/Wordpress\/wp-content\/uploads\/2018\/05\/Arthrose.jpg 314w\" sizes=\"(max-width: 188px) 100vw, 188px\" \/><\/a><\/p>\n<p><strong>Eine bunte Mischung aus Komik, Allt\u00e4glichem, Ernsthaftigkeit sowie Tragik, gespickt mit einem Schuss Realit\u00e4t \u2013 kurzum: Bon App\u00e9tit.<\/strong><\/p>\n<div class=\"Ct\">\n<p>Dieser Band enth\u00e4lt eine Auswahl meiner bisherigen Kurzgeschichten und spannt einen Bogen von der Heiterkeit und Komik \u00fcber Ausfl\u00fcge in l\u00e4ngst vergangene Zeiten bis hin zu mystischem sowie tragischem Geschehen in unserer Welt. Die Geschichten werden Sie sehr wahrscheinlich schmunzeln lassen, Sie in ihr Tempo hineinziehen, Sie f\u00fchlen lassen, in ein oder zwei F\u00e4llen wom\u00f6glich auch nachdenklich stimmen. So ist dieser \u201cPott P\u00fcree\u201d nicht zuletzt Vorspeise, Hauptgang und Nachtisch in einem.<\/p>\n<\/div>\n<div class=\"Ct\"><a href=\"https:\/\/www.neobooks.com\/werk\/40092-pott-pueree.html\" target=\"_blank\" rel=\"noopener\">https:\/\/www.neobooks.com\/werk\/40092-pott-pueree.html<\/a><\/div>\n<div class=\"Ct\"><\/div>\n<div class=\"Ct\"><a href=\"https:\/\/dr-marcus-mau.de\/Wordpress\/wp-content\/uploads\/2014\/12\/40092_216.jpg\"><img loading=\"lazy\" class=\"alignnone size-medium wp-image-239\" src=\"https:\/\/dr-marcus-mau.de\/Wordpress\/wp-content\/uploads\/2014\/12\/40092_216-212x300.jpg\" alt=\"\" width=\"212\" height=\"300\" srcset=\"https:\/\/dr-marcus-mau.de\/Wordpress\/wp-content\/uploads\/2014\/12\/40092_216-212x300.jpg 212w, https:\/\/dr-marcus-mau.de\/Wordpress\/wp-content\/uploads\/2014\/12\/40092_216.jpg 216w\" sizes=\"(max-width: 212px) 100vw, 212px\" \/><\/a><\/div>\n","protected":false},"excerpt":{"rendered":"<p>F\u00fcr eine vergr\u00f6\u00dferte Darstellung klicken Sie bitte auf die Abbildung. Hier geht es zur\u00a0Bestellung: &#8222;Gesunder Schlaf&#8220; Der Verlag und ich\u00a0freuen uns\u00a0\u00fcber Feedback oder Rezensionen. Vielen Dank bereits daf\u00fcr im Voraus. Weitere Angebote im Selbstverlag auf amazon.de: Wer mehr \u00fcber Ern\u00e4hrung &hellip; <a href=\"https:\/\/dr-marcus-mau.de\/?page_id=137\">Weiterlesen <span class=\"meta-nav\">&rarr;<\/span><\/a><\/p>\n","protected":false},"author":1,"featured_media":0,"parent":0,"menu_order":0,"comment_status":"closed","ping_status":"closed","template":"","meta":[],"_links":{"self":[{"href":"https:\/\/dr-marcus-mau.de\/index.php?rest_route=\/wp\/v2\/pages\/137"}],"collection":[{"href":"https:\/\/dr-marcus-mau.de\/index.php?rest_route=\/wp\/v2\/pages"}],"about":[{"href":"https:\/\/dr-marcus-mau.de\/index.php?rest_route=\/wp\/v2\/types\/page"}],"author":[{"embeddable":true,"href":"https:\/\/dr-marcus-mau.de\/index.php?rest_route=\/wp\/v2\/users\/1"}],"replies":[{"embeddable":true,"href":"https:\/\/dr-marcus-mau.de\/index.php?rest_route=%2Fwp%2Fv2%2Fcomments&post=137"}],"version-history":[{"count":13,"href":"https:\/\/dr-marcus-mau.de\/index.php?rest_route=\/wp\/v2\/pages\/137\/revisions"}],"predecessor-version":[{"id":182,"href":"https:\/\/dr-marcus-mau.de\/index.php?rest_route=\/wp\/v2\/pages\/137\/revisions\/182"}],"wp:attachment":[{"href":"https:\/\/dr-marcus-mau.de\/index.php?rest_route=%2Fwp%2Fv2%2Fmedia&parent=137"}],"curies":[{"name":"wp","href":"https:\/\/api.w.org\/{rel}","templated":true}]}}